{"id":167,"date":"2019-07-22T07:41:15","date_gmt":"2019-07-22T07:41:15","guid":{"rendered":"https:\/\/www.gevaina.lt\/?post_type=product&#038;p=167"},"modified":"2024-11-15T12:17:10","modified_gmt":"2024-11-15T12:17:10","slug":"pagalve-su-dygsniuotu-nuimamu-uzvalkalu-su-uztrauktuku","status":"publish","type":"product","link":"https:\/\/www.gevaina.lt\/en\/viesbuciams\/pagalves-viesbuciams\/pagalve-su-dygsniuotu-nuimamu-uzvalkalu-su-uztrauktuku\/","title":{"rendered":"Pagalv\u0117 su dygsniuotu, nuimamu u\u017evalkalu, su u\u017etrauktuku"},"content":{"rendered":"Nereikia skalbti visos pagalv\u0117s \u2013 u\u017etenka nuimti tik vir\u0161utin\u012f impil\u0105!","protected":false},"excerpt":{"rendered":"<ul>\n<li>Impilas \u2013 100% auk\u0161tos kokyb\u0117s MIKROFIBRA audinys, dygsniuotas su PES vatinu.<\/li>\n<li>Pagalv\u0117s vidinis impilas \u2013 100% medviln\u0117.<\/li>\n<li>U\u017epildas \u2013 antialergi\u0161ki sintepono pluo\u0161to kamuoliukai, kurie po skalbimo nesukrenta \u012f gniu\u017eulus.<\/li>\n<li>Pagalv\u0117s skalbiamos.<\/li>\n<\/ul>\n","protected":false},"featured_media":168,"template":"","meta":[],"product_brand":[],"product_cat":[20,17],"product_tag":[],"class_list":{"0":"post-167","1":"product","2":"type-product","3":"status-publish","4":"has-post-thumbnail","6":"product_cat-pagalves-viesbuciams","7":"product_cat-viesbuciams","9":"first","10":"instock","11":"shipping-taxable","12":"product-type-simple"},"yoast_head":"<!-- This site is optimized with the Yoast SEO plugin v23.8 - https:\/\/yoast.com\/wordpress\/plugins\/seo\/ -->\n<title>Pagalv\u0117 su dygsniuotu, nuimamu u\u017evalkalu, su u\u017etrauktuku | Gevaina<\/title>\n<meta name=\"robots\" content=\"index, follow, max-snippet:-1, max-image-preview:large, max-video-preview:-1\" \/>\n<link rel=\"canonical\" href=\"https:\/\/www.gevaina.lt\/viesbuciams\/pagalves-viesbuciams\/pagalve-su-dygsniuotu-nuimamu-uzvalkalu-su-uztrauktuku\/\" \/>\n<meta property=\"og:locale\" content=\"en_US\" \/>\n<meta property=\"og:type\" content=\"article\" \/>\n<meta property=\"og:title\" content=\"Pagalv\u0117 su dygsniuotu, nuimamu u\u017evalkalu, su u\u017etrauktuku | Gevaina\" \/>\n<meta property=\"og:description\" content=\"Impilas \u2013 100% auk\u0161tos kokyb\u0117s MIKROFIBRA audinys, dygsniuotas su PES vatinu.  Pagalv\u0117s vidinis impilas \u2013 100% medviln\u0117.  U\u017epildas \u2013 antialergi\u0161ki sintepono pluo\u0161to kamuoliukai, kurie po skalbimo nesukrenta \u012f gniu\u017eulus.  Pagalv\u0117s skalbiamos.\" \/>\n<meta property=\"og:url\" content=\"https:\/\/www.gevaina.lt\/viesbuciams\/pagalves-viesbuciams\/pagalve-su-dygsniuotu-nuimamu-uzvalkalu-su-uztrauktuku\/\" \/>\n<meta property=\"og:site_name\" content=\"Gevaina\" \/>\n<meta property=\"article:publisher\" content=\"https:\/\/www.facebook.com\/gediminas.gevaina\" \/>\n<meta property=\"article:modified_time\" content=\"2024-11-15T12:17:10+00:00\" \/>\n<meta property=\"og:image\" content=\"https:\/\/www.gevaina.lt\/wp-content\/uploads\/2019\/07\/Pagalv\u0117-su-dygsniuotu-nuimamu-uzvalkalu-3.jpg\" \/>\n\t<meta property=\"og:image:width\" content=\"584\" \/>\n\t<meta property=\"og:image:height\" content=\"584\" \/>\n\t<meta property=\"og:image:type\" content=\"image\/jpeg\" \/>\n<meta name=\"twitter:card\" content=\"summary_large_image\" \/>\n<meta name=\"twitter:label1\" content=\"Est. reading time\" \/>\n\t<meta name=\"twitter:data1\" content=\"1 minute\" \/>\n<script type=\"application\/ld+json\" class=\"yoast-schema-graph\">{\"@context\":\"https:\/\/schema.org\",\"@graph\":[{\"@type\":\"WebPage\",\"@id\":\"https:\/\/www.gevaina.lt\/viesbuciams\/pagalves-viesbuciams\/pagalve-su-dygsniuotu-nuimamu-uzvalkalu-su-uztrauktuku\/\",\"url\":\"https:\/\/www.gevaina.lt\/viesbuciams\/pagalves-viesbuciams\/pagalve-su-dygsniuotu-nuimamu-uzvalkalu-su-uztrauktuku\/\",\"name\":\"Pagalv\u0117 su dygsniuotu, nuimamu u\u017evalkalu, su u\u017etrauktuku | Gevaina\",\"isPartOf\":{\"@id\":\"https:\/\/www.gevaina.lt\/en\/#website\"},\"primaryImageOfPage\":{\"@id\":\"https:\/\/www.gevaina.lt\/viesbuciams\/pagalves-viesbuciams\/pagalve-su-dygsniuotu-nuimamu-uzvalkalu-su-uztrauktuku\/#primaryimage\"},\"image\":{\"@id\":\"https:\/\/www.gevaina.lt\/viesbuciams\/pagalves-viesbuciams\/pagalve-su-dygsniuotu-nuimamu-uzvalkalu-su-uztrauktuku\/#primaryimage\"},\"thumbnailUrl\":\"https:\/\/www.gevaina.lt\/wp-content\/uploads\/2019\/07\/Pagalv\u0117-su-dygsniuotu-nuimamu-uzvalkalu-3.jpg\",\"datePublished\":\"2019-07-22T07:41:15+00:00\",\"dateModified\":\"2024-11-15T12:17:10+00:00\",\"breadcrumb\":{\"@id\":\"https:\/\/www.gevaina.lt\/viesbuciams\/pagalves-viesbuciams\/pagalve-su-dygsniuotu-nuimamu-uzvalkalu-su-uztrauktuku\/#breadcrumb\"},\"inLanguage\":\"en-US\",\"potentialAction\":[{\"@type\":\"ReadAction\",\"target\":[\"https:\/\/www.gevaina.lt\/viesbuciams\/pagalves-viesbuciams\/pagalve-su-dygsniuotu-nuimamu-uzvalkalu-su-uztrauktuku\/\"]}]},{\"@type\":\"ImageObject\",\"inLanguage\":\"en-US\",\"@id\":\"https:\/\/www.gevaina.lt\/viesbuciams\/pagalves-viesbuciams\/pagalve-su-dygsniuotu-nuimamu-uzvalkalu-su-uztrauktuku\/#primaryimage\",\"url\":\"https:\/\/www.gevaina.lt\/wp-content\/uploads\/2019\/07\/Pagalv\u0117-su-dygsniuotu-nuimamu-uzvalkalu-3.jpg\",\"contentUrl\":\"https:\/\/www.gevaina.lt\/wp-content\/uploads\/2019\/07\/Pagalv\u0117-su-dygsniuotu-nuimamu-uzvalkalu-3.jpg\",\"width\":584,\"height\":584},{\"@type\":\"BreadcrumbList\",\"@id\":\"https:\/\/www.gevaina.lt\/viesbuciams\/pagalves-viesbuciams\/pagalve-su-dygsniuotu-nuimamu-uzvalkalu-su-uztrauktuku\/#breadcrumb\",\"itemListElement\":[{\"@type\":\"ListItem\",\"position\":1,\"name\":\"Pagrindinis\",\"item\":\"https:\/\/www.gevaina.lt\/\"},{\"@type\":\"ListItem\",\"position\":2,\"name\":\"E.Parduotuv\u0117\",\"item\":\"https:\/\/www.gevaina.lt\/https-shop-gevaina-lt\/\"},{\"@type\":\"ListItem\",\"position\":3,\"name\":\"Pagalv\u0117 su dygsniuotu, nuimamu u\u017evalkalu, su u\u017etrauktuku\"}]},{\"@type\":\"WebSite\",\"@id\":\"https:\/\/www.gevaina.lt\/en\/#website\",\"url\":\"https:\/\/www.gevaina.lt\/en\/\",\"name\":\"Gevaina\",\"description\":\"\",\"publisher\":{\"@id\":\"https:\/\/www.gevaina.lt\/en\/#organization\"},\"potentialAction\":[{\"@type\":\"SearchAction\",\"target\":{\"@type\":\"EntryPoint\",\"urlTemplate\":\"https:\/\/www.gevaina.lt\/en\/?s={search_term_string}\"},\"query-input\":{\"@type\":\"PropertyValueSpecification\",\"valueRequired\":true,\"valueName\":\"search_term_string\"}}],\"inLanguage\":\"en-US\"},{\"@type\":\"Organization\",\"@id\":\"https:\/\/www.gevaina.lt\/en\/#organization\",\"name\":\"Gevaina\",\"url\":\"https:\/\/www.gevaina.lt\/en\/\",\"logo\":{\"@type\":\"ImageObject\",\"inLanguage\":\"en-US\",\"@id\":\"https:\/\/www.gevaina.lt\/en\/#\/schema\/logo\/image\/\",\"url\":\"https:\/\/www.gevaina.lt\/wp-content\/uploads\/2019\/07\/gevaina-naujas-logo-min.png\",\"contentUrl\":\"https:\/\/www.gevaina.lt\/wp-content\/uploads\/2019\/07\/gevaina-naujas-logo-min.png\",\"width\":188,\"height\":158,\"caption\":\"Gevaina\"},\"image\":{\"@id\":\"https:\/\/www.gevaina.lt\/en\/#\/schema\/logo\/image\/\"},\"sameAs\":[\"https:\/\/www.facebook.com\/gediminas.gevaina\"]}]}<\/script>\n<!-- \/ Yoast SEO plugin. -->","yoast_head_json":{"title":"Pagalv\u0117 su dygsniuotu, nuimamu u\u017evalkalu, su u\u017etrauktuku | Gevaina","robots":{"index":"index","follow":"follow","max-snippet":"max-snippet:-1","max-image-preview":"max-image-preview:large","max-video-preview":"max-video-preview:-1"},"canonical":"https:\/\/www.gevaina.lt\/viesbuciams\/pagalves-viesbuciams\/pagalve-su-dygsniuotu-nuimamu-uzvalkalu-su-uztrauktuku\/","og_locale":"en_US","og_type":"article","og_title":"Pagalv\u0117 su dygsniuotu, nuimamu u\u017evalkalu, su u\u017etrauktuku | Gevaina","og_description":"Impilas \u2013 100% auk\u0161tos kokyb\u0117s MIKROFIBRA audinys, dygsniuotas su PES vatinu.  Pagalv\u0117s vidinis impilas \u2013 100% medviln\u0117.  U\u017epildas \u2013 antialergi\u0161ki sintepono pluo\u0161to kamuoliukai, kurie po skalbimo nesukrenta \u012f gniu\u017eulus.  Pagalv\u0117s skalbiamos.","og_url":"https:\/\/www.gevaina.lt\/viesbuciams\/pagalves-viesbuciams\/pagalve-su-dygsniuotu-nuimamu-uzvalkalu-su-uztrauktuku\/","og_site_name":"Gevaina","article_publisher":"https:\/\/www.facebook.com\/gediminas.gevaina","article_modified_time":"2024-11-15T12:17:10+00:00","og_image":[{"width":584,"height":584,"url":"https:\/\/www.gevaina.lt\/wp-content\/uploads\/2019\/07\/Pagalv\u0117-su-dygsniuotu-nuimamu-uzvalkalu-3.jpg","type":"image\/jpeg"}],"twitter_card":"summary_large_image","twitter_misc":{"Est. reading time":"1 minute"},"schema":{"@context":"https:\/\/schema.org","@graph":[{"@type":"WebPage","@id":"https:\/\/www.gevaina.lt\/viesbuciams\/pagalves-viesbuciams\/pagalve-su-dygsniuotu-nuimamu-uzvalkalu-su-uztrauktuku\/","url":"https:\/\/www.gevaina.lt\/viesbuciams\/pagalves-viesbuciams\/pagalve-su-dygsniuotu-nuimamu-uzvalkalu-su-uztrauktuku\/","name":"Pagalv\u0117 su dygsniuotu, nuimamu u\u017evalkalu, su u\u017etrauktuku | Gevaina","isPartOf":{"@id":"https:\/\/www.gevaina.lt\/en\/#website"},"primaryImageOfPage":{"@id":"https:\/\/www.gevaina.lt\/viesbuciams\/pagalves-viesbuciams\/pagalve-su-dygsniuotu-nuimamu-uzvalkalu-su-uztrauktuku\/#primaryimage"},"image":{"@id":"https:\/\/www.gevaina.lt\/viesbuciams\/pagalves-viesbuciams\/pagalve-su-dygsniuotu-nuimamu-uzvalkalu-su-uztrauktuku\/#primaryimage"},"thumbnailUrl":"https:\/\/www.gevaina.lt\/wp-content\/uploads\/2019\/07\/Pagalv\u0117-su-dygsniuotu-nuimamu-uzvalkalu-3.jpg","datePublished":"2019-07-22T07:41:15+00:00","dateModified":"2024-11-15T12:17:10+00:00","breadcrumb":{"@id":"https:\/\/www.gevaina.lt\/viesbuciams\/pagalves-viesbuciams\/pagalve-su-dygsniuotu-nuimamu-uzvalkalu-su-uztrauktuku\/#breadcrumb"},"inLanguage":"en-US","potentialAction":[{"@type":"ReadAction","target":["https:\/\/www.gevaina.lt\/viesbuciams\/pagalves-viesbuciams\/pagalve-su-dygsniuotu-nuimamu-uzvalkalu-su-uztrauktuku\/"]}]},{"@type":"ImageObject","inLanguage":"en-US","@id":"https:\/\/www.gevaina.lt\/viesbuciams\/pagalves-viesbuciams\/pagalve-su-dygsniuotu-nuimamu-uzvalkalu-su-uztrauktuku\/#primaryimage","url":"https:\/\/www.gevaina.lt\/wp-content\/uploads\/2019\/07\/Pagalv\u0117-su-dygsniuotu-nuimamu-uzvalkalu-3.jpg","contentUrl":"https:\/\/www.gevaina.lt\/wp-content\/uploads\/2019\/07\/Pagalv\u0117-su-dygsniuotu-nuimamu-uzvalkalu-3.jpg","width":584,"height":584},{"@type":"BreadcrumbList","@id":"https:\/\/www.gevaina.lt\/viesbuciams\/pagalves-viesbuciams\/pagalve-su-dygsniuotu-nuimamu-uzvalkalu-su-uztrauktuku\/#breadcrumb","itemListElement":[{"@type":"ListItem","position":1,"name":"Pagrindinis","item":"https:\/\/www.gevaina.lt\/"},{"@type":"ListItem","position":2,"name":"E.Parduotuv\u0117","item":"https:\/\/www.gevaina.lt\/https-shop-gevaina-lt\/"},{"@type":"ListItem","position":3,"name":"Pagalv\u0117 su dygsniuotu, nuimamu u\u017evalkalu, su u\u017etrauktuku"}]},{"@type":"WebSite","@id":"https:\/\/www.gevaina.lt\/en\/#website","url":"https:\/\/www.gevaina.lt\/en\/","name":"Gevaina","description":"","publisher":{"@id":"https:\/\/www.gevaina.lt\/en\/#organization"},"potentialAction":[{"@type":"SearchAction","target":{"@type":"EntryPoint","urlTemplate":"https:\/\/www.gevaina.lt\/en\/?s={search_term_string}"},"query-input":{"@type":"PropertyValueSpecification","valueRequired":true,"valueName":"search_term_string"}}],"inLanguage":"en-US"},{"@type":"Organization","@id":"https:\/\/www.gevaina.lt\/en\/#organization","name":"Gevaina","url":"https:\/\/www.gevaina.lt\/en\/","logo":{"@type":"ImageObject","inLanguage":"en-US","@id":"https:\/\/www.gevaina.lt\/en\/#\/schema\/logo\/image\/","url":"https:\/\/www.gevaina.lt\/wp-content\/uploads\/2019\/07\/gevaina-naujas-logo-min.png","contentUrl":"https:\/\/www.gevaina.lt\/wp-content\/uploads\/2019\/07\/gevaina-naujas-logo-min.png","width":188,"height":158,"caption":"Gevaina"},"image":{"@id":"https:\/\/www.gevaina.lt\/en\/#\/schema\/logo\/image\/"},"sameAs":["https:\/\/www.facebook.com\/gediminas.gevaina"]}]}},"_links":{"self":[{"href":"https:\/\/www.gevaina.lt\/en\/wp-json\/wp\/v2\/product\/167","targetHints":{"allow":["GET"]}}],"collection":[{"href":"https:\/\/www.gevaina.lt\/en\/wp-json\/wp\/v2\/product"}],"about":[{"href":"https:\/\/www.gevaina.lt\/en\/wp-json\/wp\/v2\/types\/product"}],"wp:featuredmedia":[{"embeddable":true,"href":"https:\/\/www.gevaina.lt\/en\/wp-json\/wp\/v2\/media\/168"}],"wp:attachment":[{"href":"https:\/\/www.gevaina.lt\/en\/wp-json\/wp\/v2\/media?parent=167"}],"wp:term":[{"taxonomy":"product_brand","embeddable":true,"href":"https:\/\/www.gevaina.lt\/en\/wp-json\/wp\/v2\/product_brand?post=167"},{"taxonomy":"product_cat","embeddable":true,"href":"https:\/\/www.gevaina.lt\/en\/wp-json\/wp\/v2\/product_cat?post=167"},{"taxonomy":"product_tag","embeddable":true,"href":"https:\/\/www.gevaina.lt\/en\/wp-json\/wp\/v2\/product_tag?post=167"}],"curies":[{"name":"wp","href":"https:\/\/api.w.org\/{rel}","templated":true}]}}