{"id":205,"date":"2019-07-22T08:43:29","date_gmt":"2019-07-22T08:43:29","guid":{"rendered":"https:\/\/www.gevaina.lt\/?post_type=product&#038;p=205"},"modified":"2019-08-08T07:15:29","modified_gmt":"2019-08-08T07:15:29","slug":"apsaugine-paklode-su-guma-abiejuose-galuose","status":"publish","type":"product","link":"https:\/\/www.gevaina.lt\/en\/viesbuciams\/apsauginiai-gaminiai-viesbuciams\/apsaugine-paklode-su-guma-abiejuose-galuose\/","title":{"rendered":"Apsaugin\u0117 paklod\u0117 su guma abiejuose galuose"},"content":{"rendered":"","protected":false},"excerpt":{"rendered":"<p>I\u0161 \u0161io audinio pasi\u016bti gaminiai apsaugos j\u016bs\u0173 gaminius nuo susitepimo, skys\u010di\u0173, purvo bei kit\u0173 ne\u0161varum\u0173. \u0161ie audiniai yra kv\u0117puojantys, antialergi\u0161ki, atspar\u016bs dulki\u0173 erkut\u0117ms. galima skalbti iki 90 laipsni\u0173 temperat\u016broje bei galima sterilizacija iki 121 laipsnio, tod\u0117l auk\u0161toje temperat\u016broje i\u0161nyksta visos bakterijos.<\/p>\n<h5>Galimi audiniai:<\/h5>\n<ul>\n<li>100% poliesteris, kurio tankis apie 105g\/m2, vir\u0161utinis sluoksnis lygus su smulkiomis juostel\u0117mis \u201ejersey&#8221;. apa\u010dia padengta poliuretano pl\u0117vele, kuri nepraleid\u017eia joki\u0173 skys\u010di\u0173, ta\u010diau i\u0161 kitos pus\u0117s pralaidi orui. skalbiamos iki 90 laipsni\u0173 temp.<\/li>\n<li>80% medviln\u0117 \/ 20% pes, audinio tankis apie 175g\/m2, vir\u0161utinis sluoksnis frotinis. apa\u010dia padengta poliuretano pl\u0117vele, kuri nepraleid\u017eia joki\u0173 skys\u010di\u0173, ta\u010diau i\u0161 kitos pus\u0117s pralaidi orui. skalbiamos iki 90 laipsni\u0173 temp.<\/li>\n<\/ul>\n","protected":false},"featured_media":206,"template":"","meta":[],"product_brand":[],"product_cat":[44,17],"product_tag":[],"class_list":{"0":"post-205","1":"product","2":"type-product","3":"status-publish","4":"has-post-thumbnail","6":"product_cat-apsauginiai-gaminiai-viesbuciams","7":"product_cat-viesbuciams","9":"first","10":"instock","11":"shipping-taxable","12":"product-type-simple"},"yoast_head":"<!-- This site is optimized with the Yoast SEO plugin v23.8 - https:\/\/yoast.com\/wordpress\/plugins\/seo\/ -->\n<title>Apsaugin\u0117 paklod\u0117 su guma abiejuose galuose | Gevaina<\/title>\n<meta name=\"robots\" content=\"index, follow, max-snippet:-1, max-image-preview:large, max-video-preview:-1\" \/>\n<link rel=\"canonical\" href=\"https:\/\/www.gevaina.lt\/viesbuciams\/apsauginiai-gaminiai-viesbuciams\/apsaugine-paklode-su-guma-abiejuose-galuose\/\" \/>\n<meta property=\"og:locale\" content=\"en_US\" \/>\n<meta property=\"og:type\" content=\"article\" \/>\n<meta property=\"og:title\" content=\"Apsaugin\u0117 paklod\u0117 su guma abiejuose galuose | Gevaina\" \/>\n<meta property=\"og:description\" content=\"I\u0161 \u0161io audinio pasi\u016bti gaminiai apsaugos j\u016bs\u0173 gaminius nuo susitepimo, skys\u010di\u0173, purvo bei kit\u0173 ne\u0161varum\u0173. \u0161ie audiniai yra kv\u0117puojantys, antialergi\u0161ki, atspar\u016bs dulki\u0173 erkut\u0117ms. galima skalbti iki 90 laipsni\u0173 temperat\u016broje bei galima sterilizacija iki 121 laipsnio, tod\u0117l auk\u0161toje temperat\u016broje i\u0161nyksta visos bakterijos. Galimi audiniai:   100% poliesteris, kurio tankis apie 105g\/m2, vir\u0161utinis sluoksnis lygus su smulkiomis juostel\u0117mis \u201ejersey&quot;. apa\u010dia padengta poliuretano pl\u0117vele, kuri nepraleid\u017eia joki\u0173 skys\u010di\u0173, ta\u010diau i\u0161 kitos pus\u0117s pralaidi orui. skalbiamos iki 90 laipsni\u0173 temp.  80% medviln\u0117 \/ 20% pes, audinio tankis apie 175g\/m2, vir\u0161utinis sluoksnis frotinis. apa\u010dia padengta poliuretano pl\u0117vele, kuri nepraleid\u017eia joki\u0173 skys\u010di\u0173, ta\u010diau i\u0161 kitos pus\u0117s pralaidi orui. skalbiamos iki 90 laipsni\u0173 temp.\" \/>\n<meta property=\"og:url\" content=\"https:\/\/www.gevaina.lt\/viesbuciams\/apsauginiai-gaminiai-viesbuciams\/apsaugine-paklode-su-guma-abiejuose-galuose\/\" \/>\n<meta property=\"og:site_name\" content=\"Gevaina\" \/>\n<meta property=\"article:publisher\" content=\"https:\/\/www.facebook.com\/gediminas.gevaina\" \/>\n<meta property=\"article:modified_time\" content=\"2019-08-08T07:15:29+00:00\" \/>\n<meta property=\"og:image\" content=\"https:\/\/www.gevaina.lt\/wp-content\/uploads\/2019\/07\/paklod\u0117-su-guma-abiejuose-galuose.jpg\" \/>\n\t<meta property=\"og:image:width\" content=\"800\" \/>\n\t<meta property=\"og:image:height\" content=\"718\" \/>\n\t<meta property=\"og:image:type\" content=\"image\/jpeg\" \/>\n<meta name=\"twitter:card\" content=\"summary_large_image\" \/>\n<script type=\"application\/ld+json\" class=\"yoast-schema-graph\">{\"@context\":\"https:\/\/schema.org\",\"@graph\":[{\"@type\":\"WebPage\",\"@id\":\"https:\/\/www.gevaina.lt\/viesbuciams\/apsauginiai-gaminiai-viesbuciams\/apsaugine-paklode-su-guma-abiejuose-galuose\/\",\"url\":\"https:\/\/www.gevaina.lt\/viesbuciams\/apsauginiai-gaminiai-viesbuciams\/apsaugine-paklode-su-guma-abiejuose-galuose\/\",\"name\":\"Apsaugin\u0117 paklod\u0117 su guma abiejuose galuose | Gevaina\",\"isPartOf\":{\"@id\":\"https:\/\/www.gevaina.lt\/en\/#website\"},\"primaryImageOfPage\":{\"@id\":\"https:\/\/www.gevaina.lt\/viesbuciams\/apsauginiai-gaminiai-viesbuciams\/apsaugine-paklode-su-guma-abiejuose-galuose\/#primaryimage\"},\"image\":{\"@id\":\"https:\/\/www.gevaina.lt\/viesbuciams\/apsauginiai-gaminiai-viesbuciams\/apsaugine-paklode-su-guma-abiejuose-galuose\/#primaryimage\"},\"thumbnailUrl\":\"https:\/\/www.gevaina.lt\/wp-content\/uploads\/2019\/07\/paklod\u0117-su-guma-abiejuose-galuose.jpg\",\"datePublished\":\"2019-07-22T08:43:29+00:00\",\"dateModified\":\"2019-08-08T07:15:29+00:00\",\"breadcrumb\":{\"@id\":\"https:\/\/www.gevaina.lt\/viesbuciams\/apsauginiai-gaminiai-viesbuciams\/apsaugine-paklode-su-guma-abiejuose-galuose\/#breadcrumb\"},\"inLanguage\":\"en-US\",\"potentialAction\":[{\"@type\":\"ReadAction\",\"target\":[\"https:\/\/www.gevaina.lt\/viesbuciams\/apsauginiai-gaminiai-viesbuciams\/apsaugine-paklode-su-guma-abiejuose-galuose\/\"]}]},{\"@type\":\"ImageObject\",\"inLanguage\":\"en-US\",\"@id\":\"https:\/\/www.gevaina.lt\/viesbuciams\/apsauginiai-gaminiai-viesbuciams\/apsaugine-paklode-su-guma-abiejuose-galuose\/#primaryimage\",\"url\":\"https:\/\/www.gevaina.lt\/wp-content\/uploads\/2019\/07\/paklod\u0117-su-guma-abiejuose-galuose.jpg\",\"contentUrl\":\"https:\/\/www.gevaina.lt\/wp-content\/uploads\/2019\/07\/paklod\u0117-su-guma-abiejuose-galuose.jpg\",\"width\":800,\"height\":718},{\"@type\":\"BreadcrumbList\",\"@id\":\"https:\/\/www.gevaina.lt\/viesbuciams\/apsauginiai-gaminiai-viesbuciams\/apsaugine-paklode-su-guma-abiejuose-galuose\/#breadcrumb\",\"itemListElement\":[{\"@type\":\"ListItem\",\"position\":1,\"name\":\"Pagrindinis\",\"item\":\"https:\/\/www.gevaina.lt\/\"},{\"@type\":\"ListItem\",\"position\":2,\"name\":\"E.Parduotuv\u0117\",\"item\":\"https:\/\/www.gevaina.lt\/https-shop-gevaina-lt\/\"},{\"@type\":\"ListItem\",\"position\":3,\"name\":\"Apsaugin\u0117 paklod\u0117 su guma abiejuose galuose\"}]},{\"@type\":\"WebSite\",\"@id\":\"https:\/\/www.gevaina.lt\/en\/#website\",\"url\":\"https:\/\/www.gevaina.lt\/en\/\",\"name\":\"Gevaina\",\"description\":\"\",\"publisher\":{\"@id\":\"https:\/\/www.gevaina.lt\/en\/#organization\"},\"potentialAction\":[{\"@type\":\"SearchAction\",\"target\":{\"@type\":\"EntryPoint\",\"urlTemplate\":\"https:\/\/www.gevaina.lt\/en\/?s={search_term_string}\"},\"query-input\":{\"@type\":\"PropertyValueSpecification\",\"valueRequired\":true,\"valueName\":\"search_term_string\"}}],\"inLanguage\":\"en-US\"},{\"@type\":\"Organization\",\"@id\":\"https:\/\/www.gevaina.lt\/en\/#organization\",\"name\":\"Gevaina\",\"url\":\"https:\/\/www.gevaina.lt\/en\/\",\"logo\":{\"@type\":\"ImageObject\",\"inLanguage\":\"en-US\",\"@id\":\"https:\/\/www.gevaina.lt\/en\/#\/schema\/logo\/image\/\",\"url\":\"https:\/\/www.gevaina.lt\/wp-content\/uploads\/2019\/07\/gevaina-naujas-logo-min.png\",\"contentUrl\":\"https:\/\/www.gevaina.lt\/wp-content\/uploads\/2019\/07\/gevaina-naujas-logo-min.png\",\"width\":188,\"height\":158,\"caption\":\"Gevaina\"},\"image\":{\"@id\":\"https:\/\/www.gevaina.lt\/en\/#\/schema\/logo\/image\/\"},\"sameAs\":[\"https:\/\/www.facebook.com\/gediminas.gevaina\"]}]}<\/script>\n<!-- \/ Yoast SEO plugin. -->","yoast_head_json":{"title":"Apsaugin\u0117 paklod\u0117 su guma abiejuose galuose | Gevaina","robots":{"index":"index","follow":"follow","max-snippet":"max-snippet:-1","max-image-preview":"max-image-preview:large","max-video-preview":"max-video-preview:-1"},"canonical":"https:\/\/www.gevaina.lt\/viesbuciams\/apsauginiai-gaminiai-viesbuciams\/apsaugine-paklode-su-guma-abiejuose-galuose\/","og_locale":"en_US","og_type":"article","og_title":"Apsaugin\u0117 paklod\u0117 su guma abiejuose galuose | Gevaina","og_description":"I\u0161 \u0161io audinio pasi\u016bti gaminiai apsaugos j\u016bs\u0173 gaminius nuo susitepimo, skys\u010di\u0173, purvo bei kit\u0173 ne\u0161varum\u0173. \u0161ie audiniai yra kv\u0117puojantys, antialergi\u0161ki, atspar\u016bs dulki\u0173 erkut\u0117ms. galima skalbti iki 90 laipsni\u0173 temperat\u016broje bei galima sterilizacija iki 121 laipsnio, tod\u0117l auk\u0161toje temperat\u016broje i\u0161nyksta visos bakterijos. Galimi audiniai:   100% poliesteris, kurio tankis apie 105g\/m2, vir\u0161utinis sluoksnis lygus su smulkiomis juostel\u0117mis \u201ejersey\". apa\u010dia padengta poliuretano pl\u0117vele, kuri nepraleid\u017eia joki\u0173 skys\u010di\u0173, ta\u010diau i\u0161 kitos pus\u0117s pralaidi orui. skalbiamos iki 90 laipsni\u0173 temp.  80% medviln\u0117 \/ 20% pes, audinio tankis apie 175g\/m2, vir\u0161utinis sluoksnis frotinis. apa\u010dia padengta poliuretano pl\u0117vele, kuri nepraleid\u017eia joki\u0173 skys\u010di\u0173, ta\u010diau i\u0161 kitos pus\u0117s pralaidi orui. skalbiamos iki 90 laipsni\u0173 temp.","og_url":"https:\/\/www.gevaina.lt\/viesbuciams\/apsauginiai-gaminiai-viesbuciams\/apsaugine-paklode-su-guma-abiejuose-galuose\/","og_site_name":"Gevaina","article_publisher":"https:\/\/www.facebook.com\/gediminas.gevaina","article_modified_time":"2019-08-08T07:15:29+00:00","og_image":[{"width":800,"height":718,"url":"https:\/\/www.gevaina.lt\/wp-content\/uploads\/2019\/07\/paklod\u0117-su-guma-abiejuose-galuose.jpg","type":"image\/jpeg"}],"twitter_card":"summary_large_image","schema":{"@context":"https:\/\/schema.org","@graph":[{"@type":"WebPage","@id":"https:\/\/www.gevaina.lt\/viesbuciams\/apsauginiai-gaminiai-viesbuciams\/apsaugine-paklode-su-guma-abiejuose-galuose\/","url":"https:\/\/www.gevaina.lt\/viesbuciams\/apsauginiai-gaminiai-viesbuciams\/apsaugine-paklode-su-guma-abiejuose-galuose\/","name":"Apsaugin\u0117 paklod\u0117 su guma abiejuose galuose | Gevaina","isPartOf":{"@id":"https:\/\/www.gevaina.lt\/en\/#website"},"primaryImageOfPage":{"@id":"https:\/\/www.gevaina.lt\/viesbuciams\/apsauginiai-gaminiai-viesbuciams\/apsaugine-paklode-su-guma-abiejuose-galuose\/#primaryimage"},"image":{"@id":"https:\/\/www.gevaina.lt\/viesbuciams\/apsauginiai-gaminiai-viesbuciams\/apsaugine-paklode-su-guma-abiejuose-galuose\/#primaryimage"},"thumbnailUrl":"https:\/\/www.gevaina.lt\/wp-content\/uploads\/2019\/07\/paklod\u0117-su-guma-abiejuose-galuose.jpg","datePublished":"2019-07-22T08:43:29+00:00","dateModified":"2019-08-08T07:15:29+00:00","breadcrumb":{"@id":"https:\/\/www.gevaina.lt\/viesbuciams\/apsauginiai-gaminiai-viesbuciams\/apsaugine-paklode-su-guma-abiejuose-galuose\/#breadcrumb"},"inLanguage":"en-US","potentialAction":[{"@type":"ReadAction","target":["https:\/\/www.gevaina.lt\/viesbuciams\/apsauginiai-gaminiai-viesbuciams\/apsaugine-paklode-su-guma-abiejuose-galuose\/"]}]},{"@type":"ImageObject","inLanguage":"en-US","@id":"https:\/\/www.gevaina.lt\/viesbuciams\/apsauginiai-gaminiai-viesbuciams\/apsaugine-paklode-su-guma-abiejuose-galuose\/#primaryimage","url":"https:\/\/www.gevaina.lt\/wp-content\/uploads\/2019\/07\/paklod\u0117-su-guma-abiejuose-galuose.jpg","contentUrl":"https:\/\/www.gevaina.lt\/wp-content\/uploads\/2019\/07\/paklod\u0117-su-guma-abiejuose-galuose.jpg","width":800,"height":718},{"@type":"BreadcrumbList","@id":"https:\/\/www.gevaina.lt\/viesbuciams\/apsauginiai-gaminiai-viesbuciams\/apsaugine-paklode-su-guma-abiejuose-galuose\/#breadcrumb","itemListElement":[{"@type":"ListItem","position":1,"name":"Pagrindinis","item":"https:\/\/www.gevaina.lt\/"},{"@type":"ListItem","position":2,"name":"E.Parduotuv\u0117","item":"https:\/\/www.gevaina.lt\/https-shop-gevaina-lt\/"},{"@type":"ListItem","position":3,"name":"Apsaugin\u0117 paklod\u0117 su guma abiejuose galuose"}]},{"@type":"WebSite","@id":"https:\/\/www.gevaina.lt\/en\/#website","url":"https:\/\/www.gevaina.lt\/en\/","name":"Gevaina","description":"","publisher":{"@id":"https:\/\/www.gevaina.lt\/en\/#organization"},"potentialAction":[{"@type":"SearchAction","target":{"@type":"EntryPoint","urlTemplate":"https:\/\/www.gevaina.lt\/en\/?s={search_term_string}"},"query-input":{"@type":"PropertyValueSpecification","valueRequired":true,"valueName":"search_term_string"}}],"inLanguage":"en-US"},{"@type":"Organization","@id":"https:\/\/www.gevaina.lt\/en\/#organization","name":"Gevaina","url":"https:\/\/www.gevaina.lt\/en\/","logo":{"@type":"ImageObject","inLanguage":"en-US","@id":"https:\/\/www.gevaina.lt\/en\/#\/schema\/logo\/image\/","url":"https:\/\/www.gevaina.lt\/wp-content\/uploads\/2019\/07\/gevaina-naujas-logo-min.png","contentUrl":"https:\/\/www.gevaina.lt\/wp-content\/uploads\/2019\/07\/gevaina-naujas-logo-min.png","width":188,"height":158,"caption":"Gevaina"},"image":{"@id":"https:\/\/www.gevaina.lt\/en\/#\/schema\/logo\/image\/"},"sameAs":["https:\/\/www.facebook.com\/gediminas.gevaina"]}]}},"_links":{"self":[{"href":"https:\/\/www.gevaina.lt\/en\/wp-json\/wp\/v2\/product\/205","targetHints":{"allow":["GET"]}}],"collection":[{"href":"https:\/\/www.gevaina.lt\/en\/wp-json\/wp\/v2\/product"}],"about":[{"href":"https:\/\/www.gevaina.lt\/en\/wp-json\/wp\/v2\/types\/product"}],"wp:featuredmedia":[{"embeddable":true,"href":"https:\/\/www.gevaina.lt\/en\/wp-json\/wp\/v2\/media\/206"}],"wp:attachment":[{"href":"https:\/\/www.gevaina.lt\/en\/wp-json\/wp\/v2\/media?parent=205"}],"wp:term":[{"taxonomy":"product_brand","embeddable":true,"href":"https:\/\/www.gevaina.lt\/en\/wp-json\/wp\/v2\/product_brand?post=205"},{"taxonomy":"product_cat","embeddable":true,"href":"https:\/\/www.gevaina.lt\/en\/wp-json\/wp\/v2\/product_cat?post=205"},{"taxonomy":"product_tag","embeddable":true,"href":"https:\/\/www.gevaina.lt\/en\/wp-json\/wp\/v2\/product_tag?post=205"}],"curies":[{"name":"wp","href":"https:\/\/api.w.org\/{rel}","templated":true}]}}