{"id":254,"date":"2019-07-22T09:37:08","date_gmt":"2019-07-22T09:37:08","guid":{"rendered":"https:\/\/www.gevaina.lt\/?post_type=product&#038;p=254"},"modified":"2024-12-02T08:21:23","modified_gmt":"2024-12-02T08:21:23","slug":"dygsniuota-mikrofibra-antklode","status":"publish","type":"product","link":"https:\/\/www.gevaina.lt\/en\/viesbuciams\/dygsniuota-mikrofibra-antklode\/","title":{"rendered":"Quilted universal Microfiber duvet"},"content":{"rendered":"","protected":false},"excerpt":{"rendered":"<p>Anti-allergic quilted universal duvet.<\/p>\n<ul>\n<li>Density: ~350 gsm.<\/li>\n<li>Exceptionally fluffy and lightweight.<\/li>\n<li>Outer layer \u2013 high-quality MICROFIBER fabric.<\/li>\n<li>Filling \u2013 anti-allergic, siliconized polyester fiber that does not clump after washing.<\/li>\n<li>Quilted industrially \u2013 strong and durable.<\/li>\n<li>The blankets can be washed.<\/li>\n<\/ul>\n","protected":false},"featured_media":255,"template":"","meta":[],"product_brand":[],"product_cat":[35,22,16,17],"product_tag":[],"class_list":{"0":"post-254","1":"product","2":"type-product","3":"status-publish","4":"has-post-thumbnail","6":"product_cat-antklodes-medicinos-istaigoms","7":"product_cat-antklodes-viesbuciams","8":"product_cat-medicinos-istaigoms","9":"product_cat-viesbuciams","11":"first","12":"instock","13":"shipping-taxable","14":"product-type-simple"},"yoast_head":"<!-- This site is optimized with the Yoast SEO plugin v23.8 - https:\/\/yoast.com\/wordpress\/plugins\/seo\/ -->\n<title>Quilted universal Microfiber duvet | Gevaina<\/title>\n<meta name=\"robots\" content=\"index, follow, max-snippet:-1, max-image-preview:large, max-video-preview:-1\" \/>\n<link rel=\"canonical\" href=\"https:\/\/www.gevaina.lt\/viesbuciams\/dygsniuota-mikrofibra-antklode\/\" \/>\n<meta property=\"og:locale\" content=\"en_US\" \/>\n<meta property=\"og:type\" content=\"article\" \/>\n<meta property=\"og:title\" content=\"[:lt]Dygsniuota universali Mikrofibra antklod\u0117[:en]Quilted universal Microfiber duvet[:] | Gevaina\" \/>\n<meta property=\"og:description\" content=\"[:lt]Antialergi\u0161ka dygsniuota universali antklod\u0117  &nbsp;   Tankis: ~350 gsm.  Ypa\u010d purios bei lengvos.  Impilas \u2013 auk\u0161tos kokyb\u0117s MIKROFIBRA audinys.  U\u017epildas \u2013 antialergi\u0161kas, silikonizuotas poliesterio pluo\u0161tas, kuris po skalbimo nesukrenta \u012f gniu\u017eulus.  Dygsniuotos pramoniniu b\u016bdu, tod\u0117l yra tvirtos ir ilgalaiki\u0161kos.  Antklod\u0117s skalbiamos. [:en]Anti-allergic quilted universal duvet.   Density: ~350 gsm.  Exceptionally fluffy and lightweight.  Outer layer \u2013 high-quality MICROFIBER fabric.  Filling \u2013 anti-allergic, siliconized polyester fiber that does not clump after washing.  Quilted industrially \u2013 strong and durable.  The blankets can be washed. [:]\" \/>\n<meta property=\"og:url\" content=\"https:\/\/www.gevaina.lt\/viesbuciams\/dygsniuota-mikrofibra-antklode\/\" \/>\n<meta property=\"og:site_name\" content=\"Gevaina\" \/>\n<meta property=\"article:publisher\" content=\"https:\/\/www.facebook.com\/gediminas.gevaina\" \/>\n<meta property=\"article:modified_time\" content=\"2024-12-02T08:21:23+00:00\" \/>\n<meta property=\"og:image\" content=\"https:\/\/www.gevaina.lt\/wp-content\/uploads\/2019\/07\/Dygsniuota-mikrofibra-antklode-gevaina-produkcija.jpg\" \/>\n\t<meta property=\"og:image:width\" content=\"800\" \/>\n\t<meta property=\"og:image:height\" content=\"471\" \/>\n\t<meta property=\"og:image:type\" content=\"image\/jpeg\" \/>\n<meta name=\"twitter:card\" content=\"summary_large_image\" \/>\n<meta name=\"twitter:label1\" content=\"Est. reading time\" \/>\n\t<meta name=\"twitter:data1\" content=\"1 minute\" \/>\n<script type=\"application\/ld+json\" class=\"yoast-schema-graph\">{\"@context\":\"https:\/\/schema.org\",\"@graph\":[{\"@type\":\"WebPage\",\"@id\":\"https:\/\/www.gevaina.lt\/viesbuciams\/dygsniuota-mikrofibra-antklode\/\",\"url\":\"https:\/\/www.gevaina.lt\/viesbuciams\/dygsniuota-mikrofibra-antklode\/\",\"name\":\"[:lt]Dygsniuota universali Mikrofibra antklod\u0117[:en]Quilted universal Microfiber duvet[:] | Gevaina\",\"isPartOf\":{\"@id\":\"https:\/\/www.gevaina.lt\/en\/#website\"},\"primaryImageOfPage\":{\"@id\":\"https:\/\/www.gevaina.lt\/viesbuciams\/dygsniuota-mikrofibra-antklode\/#primaryimage\"},\"image\":{\"@id\":\"https:\/\/www.gevaina.lt\/viesbuciams\/dygsniuota-mikrofibra-antklode\/#primaryimage\"},\"thumbnailUrl\":\"https:\/\/www.gevaina.lt\/wp-content\/uploads\/2019\/07\/Dygsniuota-mikrofibra-antklode-gevaina-produkcija.jpg\",\"datePublished\":\"2019-07-22T09:37:08+00:00\",\"dateModified\":\"2024-12-02T08:21:23+00:00\",\"breadcrumb\":{\"@id\":\"https:\/\/www.gevaina.lt\/viesbuciams\/dygsniuota-mikrofibra-antklode\/#breadcrumb\"},\"inLanguage\":\"en-US\",\"potentialAction\":[{\"@type\":\"ReadAction\",\"target\":[\"https:\/\/www.gevaina.lt\/viesbuciams\/dygsniuota-mikrofibra-antklode\/\"]}]},{\"@type\":\"ImageObject\",\"inLanguage\":\"en-US\",\"@id\":\"https:\/\/www.gevaina.lt\/viesbuciams\/dygsniuota-mikrofibra-antklode\/#primaryimage\",\"url\":\"https:\/\/www.gevaina.lt\/wp-content\/uploads\/2019\/07\/Dygsniuota-mikrofibra-antklode-gevaina-produkcija.jpg\",\"contentUrl\":\"https:\/\/www.gevaina.lt\/wp-content\/uploads\/2019\/07\/Dygsniuota-mikrofibra-antklode-gevaina-produkcija.jpg\",\"width\":800,\"height\":471},{\"@type\":\"BreadcrumbList\",\"@id\":\"https:\/\/www.gevaina.lt\/viesbuciams\/dygsniuota-mikrofibra-antklode\/#breadcrumb\",\"itemListElement\":[{\"@type\":\"ListItem\",\"position\":1,\"name\":\"Pagrindinis\",\"item\":\"https:\/\/www.gevaina.lt\/\"},{\"@type\":\"ListItem\",\"position\":2,\"name\":\"E.Parduotuv\u0117\",\"item\":\"https:\/\/www.gevaina.lt\/https-shop-gevaina-lt\/\"},{\"@type\":\"ListItem\",\"position\":3,\"name\":\"Dygsniuota universali Mikrofibra antklod\u0117\"}]},{\"@type\":\"WebSite\",\"@id\":\"https:\/\/www.gevaina.lt\/en\/#website\",\"url\":\"https:\/\/www.gevaina.lt\/en\/\",\"name\":\"Gevaina\",\"description\":\"\",\"publisher\":{\"@id\":\"https:\/\/www.gevaina.lt\/en\/#organization\"},\"potentialAction\":[{\"@type\":\"SearchAction\",\"target\":{\"@type\":\"EntryPoint\",\"urlTemplate\":\"https:\/\/www.gevaina.lt\/en\/?s={search_term_string}\"},\"query-input\":{\"@type\":\"PropertyValueSpecification\",\"valueRequired\":true,\"valueName\":\"search_term_string\"}}],\"inLanguage\":\"en-US\"},{\"@type\":\"Organization\",\"@id\":\"https:\/\/www.gevaina.lt\/en\/#organization\",\"name\":\"Gevaina\",\"url\":\"https:\/\/www.gevaina.lt\/en\/\",\"logo\":{\"@type\":\"ImageObject\",\"inLanguage\":\"en-US\",\"@id\":\"https:\/\/www.gevaina.lt\/en\/#\/schema\/logo\/image\/\",\"url\":\"https:\/\/www.gevaina.lt\/wp-content\/uploads\/2019\/07\/gevaina-naujas-logo-min.png\",\"contentUrl\":\"https:\/\/www.gevaina.lt\/wp-content\/uploads\/2019\/07\/gevaina-naujas-logo-min.png\",\"width\":188,\"height\":158,\"caption\":\"Gevaina\"},\"image\":{\"@id\":\"https:\/\/www.gevaina.lt\/en\/#\/schema\/logo\/image\/\"},\"sameAs\":[\"https:\/\/www.facebook.com\/gediminas.gevaina\"]}]}<\/script>\n<!-- \/ Yoast SEO plugin. -->","yoast_head_json":{"title":"[:lt]Dygsniuota universali Mikrofibra antklod\u0117[:en]Quilted universal Microfiber duvet[:] | Gevaina","robots":{"index":"index","follow":"follow","max-snippet":"max-snippet:-1","max-image-preview":"max-image-preview:large","max-video-preview":"max-video-preview:-1"},"canonical":"https:\/\/www.gevaina.lt\/viesbuciams\/dygsniuota-mikrofibra-antklode\/","og_locale":"en_US","og_type":"article","og_title":"[:lt]Dygsniuota universali Mikrofibra antklod\u0117[:en]Quilted universal Microfiber duvet[:] | Gevaina","og_description":"[:lt]Antialergi\u0161ka dygsniuota universali antklod\u0117  &nbsp;   Tankis: ~350 gsm.  Ypa\u010d purios bei lengvos.  Impilas \u2013 auk\u0161tos kokyb\u0117s MIKROFIBRA audinys.  U\u017epildas \u2013 antialergi\u0161kas, silikonizuotas poliesterio pluo\u0161tas, kuris po skalbimo nesukrenta \u012f gniu\u017eulus.  Dygsniuotos pramoniniu b\u016bdu, tod\u0117l yra tvirtos ir ilgalaiki\u0161kos.  Antklod\u0117s skalbiamos. [:en]Anti-allergic quilted universal duvet.   Density: ~350 gsm.  Exceptionally fluffy and lightweight.  Outer layer \u2013 high-quality MICROFIBER fabric.  Filling \u2013 anti-allergic, siliconized polyester fiber that does not clump after washing.  Quilted industrially \u2013 strong and durable.  The blankets can be washed. [:]","og_url":"https:\/\/www.gevaina.lt\/viesbuciams\/dygsniuota-mikrofibra-antklode\/","og_site_name":"Gevaina","article_publisher":"https:\/\/www.facebook.com\/gediminas.gevaina","article_modified_time":"2024-12-02T08:21:23+00:00","og_image":[{"width":800,"height":471,"url":"https:\/\/www.gevaina.lt\/wp-content\/uploads\/2019\/07\/Dygsniuota-mikrofibra-antklode-gevaina-produkcija.jpg","type":"image\/jpeg"}],"twitter_card":"summary_large_image","twitter_misc":{"Est. reading time":"1 minute"},"schema":{"@context":"https:\/\/schema.org","@graph":[{"@type":"WebPage","@id":"https:\/\/www.gevaina.lt\/viesbuciams\/dygsniuota-mikrofibra-antklode\/","url":"https:\/\/www.gevaina.lt\/viesbuciams\/dygsniuota-mikrofibra-antklode\/","name":"[:lt]Dygsniuota universali Mikrofibra antklod\u0117[:en]Quilted universal Microfiber duvet[:] | Gevaina","isPartOf":{"@id":"https:\/\/www.gevaina.lt\/en\/#website"},"primaryImageOfPage":{"@id":"https:\/\/www.gevaina.lt\/viesbuciams\/dygsniuota-mikrofibra-antklode\/#primaryimage"},"image":{"@id":"https:\/\/www.gevaina.lt\/viesbuciams\/dygsniuota-mikrofibra-antklode\/#primaryimage"},"thumbnailUrl":"https:\/\/www.gevaina.lt\/wp-content\/uploads\/2019\/07\/Dygsniuota-mikrofibra-antklode-gevaina-produkcija.jpg","datePublished":"2019-07-22T09:37:08+00:00","dateModified":"2024-12-02T08:21:23+00:00","breadcrumb":{"@id":"https:\/\/www.gevaina.lt\/viesbuciams\/dygsniuota-mikrofibra-antklode\/#breadcrumb"},"inLanguage":"en-US","potentialAction":[{"@type":"ReadAction","target":["https:\/\/www.gevaina.lt\/viesbuciams\/dygsniuota-mikrofibra-antklode\/"]}]},{"@type":"ImageObject","inLanguage":"en-US","@id":"https:\/\/www.gevaina.lt\/viesbuciams\/dygsniuota-mikrofibra-antklode\/#primaryimage","url":"https:\/\/www.gevaina.lt\/wp-content\/uploads\/2019\/07\/Dygsniuota-mikrofibra-antklode-gevaina-produkcija.jpg","contentUrl":"https:\/\/www.gevaina.lt\/wp-content\/uploads\/2019\/07\/Dygsniuota-mikrofibra-antklode-gevaina-produkcija.jpg","width":800,"height":471},{"@type":"BreadcrumbList","@id":"https:\/\/www.gevaina.lt\/viesbuciams\/dygsniuota-mikrofibra-antklode\/#breadcrumb","itemListElement":[{"@type":"ListItem","position":1,"name":"Pagrindinis","item":"https:\/\/www.gevaina.lt\/"},{"@type":"ListItem","position":2,"name":"E.Parduotuv\u0117","item":"https:\/\/www.gevaina.lt\/https-shop-gevaina-lt\/"},{"@type":"ListItem","position":3,"name":"Dygsniuota universali Mikrofibra antklod\u0117"}]},{"@type":"WebSite","@id":"https:\/\/www.gevaina.lt\/en\/#website","url":"https:\/\/www.gevaina.lt\/en\/","name":"Gevaina","description":"","publisher":{"@id":"https:\/\/www.gevaina.lt\/en\/#organization"},"potentialAction":[{"@type":"SearchAction","target":{"@type":"EntryPoint","urlTemplate":"https:\/\/www.gevaina.lt\/en\/?s={search_term_string}"},"query-input":{"@type":"PropertyValueSpecification","valueRequired":true,"valueName":"search_term_string"}}],"inLanguage":"en-US"},{"@type":"Organization","@id":"https:\/\/www.gevaina.lt\/en\/#organization","name":"Gevaina","url":"https:\/\/www.gevaina.lt\/en\/","logo":{"@type":"ImageObject","inLanguage":"en-US","@id":"https:\/\/www.gevaina.lt\/en\/#\/schema\/logo\/image\/","url":"https:\/\/www.gevaina.lt\/wp-content\/uploads\/2019\/07\/gevaina-naujas-logo-min.png","contentUrl":"https:\/\/www.gevaina.lt\/wp-content\/uploads\/2019\/07\/gevaina-naujas-logo-min.png","width":188,"height":158,"caption":"Gevaina"},"image":{"@id":"https:\/\/www.gevaina.lt\/en\/#\/schema\/logo\/image\/"},"sameAs":["https:\/\/www.facebook.com\/gediminas.gevaina"]}]}},"_links":{"self":[{"href":"https:\/\/www.gevaina.lt\/en\/wp-json\/wp\/v2\/product\/254","targetHints":{"allow":["GET"]}}],"collection":[{"href":"https:\/\/www.gevaina.lt\/en\/wp-json\/wp\/v2\/product"}],"about":[{"href":"https:\/\/www.gevaina.lt\/en\/wp-json\/wp\/v2\/types\/product"}],"wp:featuredmedia":[{"embeddable":true,"href":"https:\/\/www.gevaina.lt\/en\/wp-json\/wp\/v2\/media\/255"}],"wp:attachment":[{"href":"https:\/\/www.gevaina.lt\/en\/wp-json\/wp\/v2\/media?parent=254"}],"wp:term":[{"taxonomy":"product_brand","embeddable":true,"href":"https:\/\/www.gevaina.lt\/en\/wp-json\/wp\/v2\/product_brand?post=254"},{"taxonomy":"product_cat","embeddable":true,"href":"https:\/\/www.gevaina.lt\/en\/wp-json\/wp\/v2\/product_cat?post=254"},{"taxonomy":"product_tag","embeddable":true,"href":"https:\/\/www.gevaina.lt\/en\/wp-json\/wp\/v2\/product_tag?post=254"}],"curies":[{"name":"wp","href":"https:\/\/api.w.org\/{rel}","templated":true}]}}